{"id":1226,"date":"2025-08-15T20:55:34","date_gmt":"2025-08-15T20:55:34","guid":{"rendered":"https:\/\/dataforma.tech\/?page_id=1226"},"modified":"2025-08-15T21:11:48","modified_gmt":"2025-08-15T21:11:48","slug":"termos-de-uso","status":"publish","type":"page","link":"https:\/\/dataforma.tech\/en\/termos-de-uso\/","title":{"rendered":"Terms of Use"},"content":{"rendered":"<div data-elementor-type=\"wp-page\" data-elementor-id=\"1226\" class=\"elementor elementor-1226\" data-elementor-post-type=\"page\">\n\t\t\t\t<div class=\"elementor-element elementor-element-b1c8fb2 e-flex e-con-boxed e-con e-parent\" data-id=\"b1c8fb2\" data-element_type=\"container\" data-settings=\"{&quot;background_background&quot;:&quot;classic&quot;}\">\n\t\t\t\t\t<div class=\"e-con-inner\">\n\t\t\t\t<div class=\"elementor-element elementor-element-4c5dd43 elementor-widget elementor-widget-spacer\" data-id=\"4c5dd43\" data-element_type=\"widget\" data-widget_type=\"spacer.default\">\n\t\t\t\t\t\t\t<div class=\"elementor-spacer\">\n\t\t\t<div class=\"elementor-spacer-inner\"><\/div>\n\t\t<\/div>\n\t\t\t\t\t\t<\/div>\n\t\t\t\t\t<\/div>\n\t\t\t\t<\/div>\n\t\t<div class=\"elementor-element elementor-element-6fac63c e-flex e-con-boxed e-con e-parent\" data-id=\"6fac63c\" data-element_type=\"container\">\n\t\t\t\t\t<div class=\"e-con-inner\">\n\t\t<div class=\"elementor-element elementor-element-5ee2059 e-con-full e-flex e-con e-child\" data-id=\"5ee2059\" data-element_type=\"container\">\n\t\t\t\t<div class=\"elementor-element elementor-element-e63887a elementor-widget__width-initial elementor-widget elementor-widget-heading\" data-id=\"e63887a\" data-element_type=\"widget\" data-widget_type=\"heading.default\">\n\t\t\t\t\t<h3 class=\"elementor-heading-title elementor-size-default\">We have to use<\/h3>\t\t\t\t<\/div>\n\t\t\t\t<div class=\"elementor-element elementor-element-f146589 elementor-widget elementor-widget-spacer\" data-id=\"f146589\" data-element_type=\"widget\" data-widget_type=\"spacer.default\">\n\t\t\t\t\t\t\t<div class=\"elementor-spacer\">\n\t\t\t<div class=\"elementor-spacer-inner\"><\/div>\n\t\t<\/div>\n\t\t\t\t\t\t<\/div>\n\t\t\t\t<div class=\"elementor-element elementor-element-c5a14fa elementor-widget elementor-widget-html\" data-id=\"c5a14fa\" data-element_type=\"widget\" data-widget_type=\"html.default\">\n\t\t\t\t\t<style>\n\/* Alvo apenas a lista da pol\u00edtica *\/\n.politica-lista ul,\n.politica-lista ol {\n  padding-left: 24px;      \/* espa\u00e7amento \u00e0 esquerda *\/\n  margin-left: 0;          \/* remove margens extras *\/\n}\n\n.politica-lista ul li,\n.politica-lista ol li {\n  margin-bottom: 14px;     \/* espa\u00e7amento vertical entre itens *\/\n}\n<\/style>\n\t\t\t\t<\/div>\n\t\t\t\t<div class=\"elementor-element elementor-element-022645b elementor-widget__width-initial politica-lista elementor-widget elementor-widget-text-editor\" data-id=\"022645b\" data-element_type=\"widget\" data-widget_type=\"text-editor.default\">\n\t\t\t\t\t\t\t\t\t<p>This Usage Policy establishes the conditions and guidelines for using the website www.dataforma.com.br, maintained by Dataforma \u2013 Consultoria em Engenharia de Dados. By accessing, browsing, or interacting with the content of the Website, you acknowledge and agree to the terms described herein.<\/p>\t\t\t\t\t\t\t\t<\/div>\n\t\t\t\t<div class=\"elementor-element elementor-element-7fb6cf6 elementor-widget__width-initial elementor-widget elementor-widget-heading\" data-id=\"7fb6cf6\" data-element_type=\"widget\" data-widget_type=\"heading.default\">\n\t\t\t\t\t<h3 class=\"elementor-heading-title elementor-size-default\">1. Purpose of the Website<\/h3>\t\t\t\t<\/div>\n\t\t\t\t<div class=\"elementor-element elementor-element-c26dc36 elementor-widget__width-initial politica-lista elementor-widget elementor-widget-text-editor\" data-id=\"c26dc36\" data-element_type=\"widget\" data-widget_type=\"text-editor.default\">\n\t\t\t\t\t\t\t\t\t<p>The Site has an institutional and informative nature, intended for:<\/p><ul><li>Present information about Dataforma, its services and differences;<br \/>Provide articles and content on the blog, focusing on data engineering and architecture, business intelligence, and technology;<\/li><li>Facilitate contact between potential customers and the Dataforma team;<\/li><li>Share news, case studies, and updates relevant to the industry.<\/li><\/ul><p>The content does not, under any circumstances, constitute technical, strategic or commercial advice, and it is recommended that business decisions be made only after personalized analysis and diagnosis.<\/p>\t\t\t\t\t\t\t\t<\/div>\n\t\t\t\t<div class=\"elementor-element elementor-element-59fc8fc elementor-widget__width-initial elementor-widget elementor-widget-heading\" data-id=\"59fc8fc\" data-element_type=\"widget\" data-widget_type=\"heading.default\">\n\t\t\t\t\t<h3 class=\"elementor-heading-title elementor-size-default\">2. Access and Navigation<\/h3>\t\t\t\t<\/div>\n\t\t\t\t<div class=\"elementor-element elementor-element-2d4d816 elementor-widget__width-initial politica-lista elementor-widget elementor-widget-text-editor\" data-id=\"2d4d816\" data-element_type=\"widget\" data-widget_type=\"text-editor.default\">\n\t\t\t\t\t\t\t\t\t<p>Access to the Site is free and open, except in areas that may require registration or authentication. When browsing, the user agrees to:<\/p><ul><li>Use the Site only for lawful purposes and in accordance with current legislation;<\/li><li>Respect the copyright and intellectual property rights of the content made available;<\/li><li>Do not perform acts that compromise the security, functionality or availability of the Site.<\/li><\/ul>\t\t\t\t\t\t\t\t<\/div>\n\t\t\t\t<div class=\"elementor-element elementor-element-5917e45 elementor-widget__width-initial elementor-widget elementor-widget-heading\" data-id=\"5917e45\" data-element_type=\"widget\" data-widget_type=\"heading.default\">\n\t\t\t\t\t<h3 class=\"elementor-heading-title elementor-size-default\">3. Intellectual Property<\/h3>\t\t\t\t<\/div>\n\t\t\t\t<div class=\"elementor-element elementor-element-58a7b05 elementor-widget__width-initial politica-lista elementor-widget elementor-widget-text-editor\" data-id=\"58a7b05\" data-element_type=\"widget\" data-widget_type=\"text-editor.default\">\n\t\t\t\t\t\t\t\t\t<p>All content on the Site \u2013 including texts, images, graphics, logos, icons, videos, infographics, documents, layouts and codes \u2013 is the property of **Dataforma** or its licensors and is protected by Brazilian and international copyright and industrial property laws.<\/p><p>Reproduction, distribution, modification, or use of the content for commercial purposes is prohibited without prior and express authorization from Dataforma. Use for academic or non-commercial purposes is permitted provided the source is cited.<\/p>\t\t\t\t\t\t\t\t<\/div>\n\t\t\t\t<div class=\"elementor-element elementor-element-08402e1 elementor-widget__width-initial elementor-widget elementor-widget-heading\" data-id=\"08402e1\" data-element_type=\"widget\" data-widget_type=\"heading.default\">\n\t\t\t\t\t<h3 class=\"elementor-heading-title elementor-size-default\">4. Blog Content<\/h3>\t\t\t\t<\/div>\n\t\t\t\t<div class=\"elementor-element elementor-element-13ae288 elementor-widget__width-initial politica-lista elementor-widget elementor-widget-text-editor\" data-id=\"13ae288\" data-element_type=\"widget\" data-widget_type=\"text-editor.default\">\n\t\t\t\t\t\t\t\t\t<p>The articles and posts on the blog are for informational and educational purposes only and may reflect technical opinions and interpretations based on the team&#039;s experience. Dataforma does not guarantee that the content will remain unchanged over time, and it may be updated, corrected, or removed without prior notice.<\/p><p>Comments and interactions on the blog, when permitted, must maintain a respectful and constructive tone. Dataforma reserves the right to moderate, edit, or delete content deemed offensive, illegal, or irrelevant.<\/p>\t\t\t\t\t\t\t\t<\/div>\n\t\t\t\t<div class=\"elementor-element elementor-element-c27cf3b elementor-widget__width-initial elementor-widget elementor-widget-heading\" data-id=\"c27cf3b\" data-element_type=\"widget\" data-widget_type=\"heading.default\">\n\t\t\t\t\t<h3 class=\"elementor-heading-title elementor-size-default\">5. Links to Third Parties<\/h3>\t\t\t\t<\/div>\n\t\t\t\t<div class=\"elementor-element elementor-element-a6a5b0e elementor-widget__width-initial politica-lista elementor-widget elementor-widget-text-editor\" data-id=\"a6a5b0e\" data-element_type=\"widget\" data-widget_type=\"text-editor.default\">\n\t\t\t\t\t\t\t\t\t<p>The Website may contain links to external pages maintained by third parties. Dataforma is not responsible for the content, policies, or privacy practices of these websites. It is the user&#039;s responsibility to review the terms of use before interacting with such platforms.<\/p>\t\t\t\t\t\t\t\t<\/div>\n\t\t\t\t<div class=\"elementor-element elementor-element-cd0d2d6 elementor-widget__width-initial elementor-widget elementor-widget-heading\" data-id=\"cd0d2d6\" data-element_type=\"widget\" data-widget_type=\"heading.default\">\n\t\t\t\t\t<h3 class=\"elementor-heading-title elementor-size-default\">6. Liability and Limitations<\/h3>\t\t\t\t<\/div>\n\t\t\t\t<div class=\"elementor-element elementor-element-4f7a276 elementor-widget__width-initial politica-lista elementor-widget elementor-widget-text-editor\" data-id=\"4f7a276\" data-element_type=\"widget\" data-widget_type=\"text-editor.default\">\n\t\t\t\t\t\t\t\t\t<p>While Dataforma adopts practices to keep the Site secure, available, and up-to-date, we do not guarantee that access will be continuous or error-free. The user understands that:<\/p><ul><li>Temporary interruptions may occur due to maintenance, updates or external factors;<\/li><li>The use of information on the Site is the sole responsibility of the user;<\/li><li>Dataforma is not responsible for any loss or damage resulting from misuse, incorrect interpretations or decisions made solely based on the information published.<\/li><\/ul>\t\t\t\t\t\t\t\t<\/div>\n\t\t\t\t<div class=\"elementor-element elementor-element-6b25b1d elementor-widget__width-initial elementor-widget elementor-widget-heading\" data-id=\"6b25b1d\" data-element_type=\"widget\" data-widget_type=\"heading.default\">\n\t\t\t\t\t<h3 class=\"elementor-heading-title elementor-size-default\">7. Privacy and Data Protection<\/h3>\t\t\t\t<\/div>\n\t\t\t\t<div class=\"elementor-element elementor-element-87345b4 elementor-widget__width-initial politica-lista elementor-widget elementor-widget-text-editor\" data-id=\"87345b4\" data-element_type=\"widget\" data-widget_type=\"text-editor.default\">\n\t\t\t\t\t\t\t\t\tThe collection and processing of personal information follows the guidelines described in <a  href=\"http:\/\/dataforma.tech\/en\/politica-de-privacidade\/\" target=\"_blank\" rel=\"noopener\">Dataforma Privacy Policy<\/a>, available on the Website itself.\t\t\t\t\t\t\t\t<\/div>\n\t\t\t\t<div class=\"elementor-element elementor-element-30b45db elementor-widget__width-initial elementor-widget elementor-widget-heading\" data-id=\"30b45db\" data-element_type=\"widget\" data-widget_type=\"heading.default\">\n\t\t\t\t\t<h3 class=\"elementor-heading-title elementor-size-default\">8. Changes to this Policy<\/h3>\t\t\t\t<\/div>\n\t\t\t\t<div class=\"elementor-element elementor-element-e32204a elementor-widget__width-initial politica-lista elementor-widget elementor-widget-text-editor\" data-id=\"e32204a\" data-element_type=\"widget\" data-widget_type=\"text-editor.default\">\n\t\t\t\t\t\t\t\t\t<p>Dataforma may change this Usage Policy at any time without prior notice, with the most recent version always being published on this page. We recommend that users review this document periodically.<\/p>\t\t\t\t\t\t\t\t<\/div>\n\t\t\t\t<div class=\"elementor-element elementor-element-77db45e elementor-widget elementor-widget-spacer\" data-id=\"77db45e\" data-element_type=\"widget\" data-widget_type=\"spacer.default\">\n\t\t\t\t\t\t\t<div class=\"elementor-spacer\">\n\t\t\t<div class=\"elementor-spacer-inner\"><\/div>\n\t\t<\/div>\n\t\t\t\t\t\t<\/div>\n\t\t\t\t<div class=\"elementor-element elementor-element-5ec7761 elementor-widget__width-initial politica-lista elementor-widget elementor-widget-text-editor\" data-id=\"5ec7761\" data-element_type=\"widget\" data-widget_type=\"text-editor.default\">\n\t\t\t\t\t\t\t\t\t\ud83d\udcc5 Last updated: August 15, 2025<br>\t\t\t\t\t\t\t\t<\/div>\n\t\t\t\t<div class=\"elementor-element elementor-element-bb718aa elementor-widget elementor-widget-spacer\" data-id=\"bb718aa\" data-element_type=\"widget\" data-widget_type=\"spacer.default\">\n\t\t\t\t\t\t\t<div class=\"elementor-spacer\">\n\t\t\t<div class=\"elementor-spacer-inner\"><\/div>\n\t\t<\/div>\n\t\t\t\t\t\t<\/div>\n\t\t\t\t<\/div>\n\t\t\t\t\t<\/div>\n\t\t\t\t<\/div>\n\t\t\t\t<\/div>","protected":false},"excerpt":{"rendered":"<p>Terms of Use This Usage Policy establishes the conditions and guidelines for using the website www.dataforma.com.br, maintained by [\u2026]<\/p>","protected":false},"author":1,"featured_media":0,"parent":0,"menu_order":0,"comment_status":"closed","ping_status":"closed","template":"elementor_canvas","meta":{"site-sidebar-layout":"no-sidebar","site-content-layout":"","ast-site-content-layout":"full-width-container","site-content-style":"default","site-sidebar-style":"default","ast-global-header-display":"","ast-banner-title-visibility":"","ast-main-header-display":"","ast-hfb-above-header-display":"","ast-hfb-below-header-display":"","ast-hfb-mobile-header-display":"","site-post-title":"disabled","ast-breadcrumbs-content":"","ast-featured-img":"disabled","footer-sml-layout":"","theme-transparent-header-meta":"","adv-header-id-meta":"","stick-header-meta":"","header-above-stick-meta":"","header-main-stick-meta":"","header-below-stick-meta":"","astra-migrate-meta-layouts":"default","ast-page-background-enabled":"default","ast-page-background-meta":{"desktop":{"background-color":"var(--ast-global-color-5)","background-image":"","background-repeat":"repeat","background-position":"center center","background-size":"auto","background-attachment":"scroll","background-type":"","background-media":"","overlay-type":"","overlay-color":"","overlay-opacity":"","overlay-gradient":""},"tablet":{"background-color":"","background-image":"","background-repeat":"repeat","background-position":"center center","background-size":"auto","background-attachment":"scroll","background-type":"","background-media":"","overlay-type":"","overlay-color":"","overlay-opacity":"","overlay-gradient":""},"mobile":{"background-color":"","background-image":"","background-repeat":"repeat","background-position":"center center","background-size":"auto","background-attachment":"scroll","background-type":"","background-media":"","overlay-type":"","overlay-color":"","overlay-opacity":"","overlay-gradient":""}},"ast-content-background-meta":{"desktop":{"background-color":"var(--ast-global-color-4)","background-image":"","background-repeat":"repeat","background-position":"center center","background-size":"auto","background-attachment":"scroll","background-type":"","background-media":"","overlay-type":"","overlay-color":"","overlay-opacity":"","overlay-gradient":""},"tablet":{"background-color":"var(--ast-global-color-4)","background-image":"","background-repeat":"repeat","background-position":"center center","background-size":"auto","background-attachment":"scroll","background-type":"","background-media":"","overlay-type":"","overlay-color":"","overlay-opacity":"","overlay-gradient":""},"mobile":{"background-color":"var(--ast-global-color-4)","background-image":"","background-repeat":"repeat","background-position":"center center","background-size":"auto","background-attachment":"scroll","background-type":"","background-media":"","overlay-type":"","overlay-color":"","overlay-opacity":"","overlay-gradient":""}},"footnotes":""},"class_list":["post-1226","page","type-page","status-publish","hentry"],"yoast_head":"<!-- This site is optimized with the Yoast SEO plugin v25.7 - https:\/\/yoast.com\/wordpress\/plugins\/seo\/ -->\n<title>Termos de uso - Dataforma | Business Intelligence<\/title>\n<meta name=\"robots\" content=\"index, follow, max-snippet:-1, max-image-preview:large, max-video-preview:-1\" \/>\n<link rel=\"canonical\" href=\"https:\/\/dataforma.tech\/en\/termos-de-uso\/\" \/>\n<meta property=\"og:locale\" content=\"en_US\" \/>\n<meta property=\"og:type\" content=\"article\" \/>\n<meta property=\"og:title\" content=\"Termos de uso - Dataforma | Business Intelligence\" \/>\n<meta property=\"og:description\" content=\"Temos de uso Esta Pol\u00edtica de Uso estabelece as condi\u00e7\u00f5es e diretrizes para utiliza\u00e7\u00e3o do site www.dataforma.com.br , mantido pela [&hellip;]\" \/>\n<meta property=\"og:url\" content=\"https:\/\/dataforma.tech\/en\/termos-de-uso\/\" \/>\n<meta property=\"og:site_name\" content=\"Dataforma | Business Intelligence\" \/>\n<meta property=\"article:modified_time\" content=\"2025-08-15T21:11:48+00:00\" \/>\n<meta name=\"twitter:card\" content=\"summary_large_image\" \/>\n<meta name=\"twitter:site\" content=\"@dataformacomp\" \/>\n<meta name=\"twitter:label1\" content=\"Est. reading time\" \/>\n\t<meta name=\"twitter:data1\" content=\"4 minutes\" \/>\n<script type=\"application\/ld+json\" class=\"yoast-schema-graph\">{\"@context\":\"https:\/\/schema.org\",\"@graph\":[{\"@type\":\"WebPage\",\"@id\":\"https:\/\/dataforma.tech\/termos-de-uso\/\",\"url\":\"https:\/\/dataforma.tech\/termos-de-uso\/\",\"name\":\"Termos de uso - Dataforma | Business Intelligence\",\"isPartOf\":{\"@id\":\"https:\/\/dataforma.tech\/#website\"},\"datePublished\":\"2025-08-15T20:55:34+00:00\",\"dateModified\":\"2025-08-15T21:11:48+00:00\",\"breadcrumb\":{\"@id\":\"https:\/\/dataforma.tech\/termos-de-uso\/#breadcrumb\"},\"inLanguage\":\"en-US\",\"potentialAction\":[{\"@type\":\"ReadAction\",\"target\":[\"https:\/\/dataforma.tech\/termos-de-uso\/\"]}]},{\"@type\":\"BreadcrumbList\",\"@id\":\"https:\/\/dataforma.tech\/termos-de-uso\/#breadcrumb\",\"itemListElement\":[{\"@type\":\"ListItem\",\"position\":1,\"name\":\"In\u00edcio\",\"item\":\"https:\/\/dataforma.tech\/\"},{\"@type\":\"ListItem\",\"position\":2,\"name\":\"Termos de uso\"}]},{\"@type\":\"WebSite\",\"@id\":\"https:\/\/dataforma.tech\/#website\",\"url\":\"https:\/\/dataforma.tech\/\",\"name\":\"Dataforma | Business Intelligence\",\"description\":\"Consultoria em BI\",\"publisher\":{\"@id\":\"https:\/\/dataforma.tech\/#organization\"},\"potentialAction\":[{\"@type\":\"SearchAction\",\"target\":{\"@type\":\"EntryPoint\",\"urlTemplate\":\"https:\/\/dataforma.tech\/?s={search_term_string}\"},\"query-input\":{\"@type\":\"PropertyValueSpecification\",\"valueRequired\":true,\"valueName\":\"search_term_string\"}}],\"inLanguage\":\"en-US\"},{\"@type\":\"Organization\",\"@id\":\"https:\/\/dataforma.tech\/#organization\",\"name\":\"Dataforma | Business Intelligence\",\"url\":\"https:\/\/dataforma.tech\/\",\"logo\":{\"@type\":\"ImageObject\",\"inLanguage\":\"en-US\",\"@id\":\"https:\/\/dataforma.tech\/#\/schema\/logo\/image\/\",\"url\":\"https:\/\/dataforma.tech\/wp-content\/uploads\/2025\/07\/Logo-Dataforma-01.svg\",\"contentUrl\":\"https:\/\/dataforma.tech\/wp-content\/uploads\/2025\/07\/Logo-Dataforma-01.svg\",\"width\":300,\"height\":42,\"caption\":\"Dataforma | Business Intelligence\"},\"image\":{\"@id\":\"https:\/\/dataforma.tech\/#\/schema\/logo\/image\/\"},\"sameAs\":[\"https:\/\/x.com\/dataformacomp\"]}]}<\/script>\n<!-- \/ Yoast SEO plugin. -->","yoast_head_json":{"title":"Terms of Use - Dataforma | Business Intelligence","robots":{"index":"index","follow":"follow","max-snippet":"max-snippet:-1","max-image-preview":"max-image-preview:large","max-video-preview":"max-video-preview:-1"},"canonical":"https:\/\/dataforma.tech\/en\/termos-de-uso\/","og_locale":"en_US","og_type":"article","og_title":"Termos de uso - Dataforma | Business Intelligence","og_description":"Temos de uso Esta Pol\u00edtica de Uso estabelece as condi\u00e7\u00f5es e diretrizes para utiliza\u00e7\u00e3o do site www.dataforma.com.br , mantido pela [&hellip;]","og_url":"https:\/\/dataforma.tech\/en\/termos-de-uso\/","og_site_name":"Dataforma | Business Intelligence","article_modified_time":"2025-08-15T21:11:48+00:00","twitter_card":"summary_large_image","twitter_site":"@dataformacomp","twitter_misc":{"Est. reading time":"4 minutes"},"schema":{"@context":"https:\/\/schema.org","@graph":[{"@type":"WebPage","@id":"https:\/\/dataforma.tech\/termos-de-uso\/","url":"https:\/\/dataforma.tech\/termos-de-uso\/","name":"Terms of Use - Dataforma | Business Intelligence","isPartOf":{"@id":"https:\/\/dataforma.tech\/#website"},"datePublished":"2025-08-15T20:55:34+00:00","dateModified":"2025-08-15T21:11:48+00:00","breadcrumb":{"@id":"https:\/\/dataforma.tech\/termos-de-uso\/#breadcrumb"},"inLanguage":"en-US","potentialAction":[{"@type":"ReadAction","target":["https:\/\/dataforma.tech\/termos-de-uso\/"]}]},{"@type":"BreadcrumbList","@id":"https:\/\/dataforma.tech\/termos-de-uso\/#breadcrumb","itemListElement":[{"@type":"ListItem","position":1,"name":"In\u00edcio","item":"https:\/\/dataforma.tech\/"},{"@type":"ListItem","position":2,"name":"Termos de uso"}]},{"@type":"WebSite","@id":"https:\/\/dataforma.tech\/#website","url":"https:\/\/dataforma.tech\/","name":"Dataforma | Business Intelligence","description":"BI Consulting","publisher":{"@id":"https:\/\/dataforma.tech\/#organization"},"potentialAction":[{"@type":"SearchAction","target":{"@type":"EntryPoint","urlTemplate":"https:\/\/dataforma.tech\/?s={search_term_string}"},"query-input":{"@type":"PropertyValueSpecification","valueRequired":true,"valueName":"search_term_string"}}],"inLanguage":"en-US"},{"@type":"Organization","@id":"https:\/\/dataforma.tech\/#organization","name":"Dataforma | Business Intelligence","url":"https:\/\/dataforma.tech\/","logo":{"@type":"ImageObject","inLanguage":"en-US","@id":"https:\/\/dataforma.tech\/#\/schema\/logo\/image\/","url":"https:\/\/dataforma.tech\/wp-content\/uploads\/2025\/07\/Logo-Dataforma-01.svg","contentUrl":"https:\/\/dataforma.tech\/wp-content\/uploads\/2025\/07\/Logo-Dataforma-01.svg","width":300,"height":42,"caption":"Dataforma | Business Intelligence"},"image":{"@id":"https:\/\/dataforma.tech\/#\/schema\/logo\/image\/"},"sameAs":["https:\/\/x.com\/dataformacomp"]}]}},"_links":{"self":[{"href":"https:\/\/dataforma.tech\/en\/wp-json\/wp\/v2\/pages\/1226","targetHints":{"allow":["GET"]}}],"collection":[{"href":"https:\/\/dataforma.tech\/en\/wp-json\/wp\/v2\/pages"}],"about":[{"href":"https:\/\/dataforma.tech\/en\/wp-json\/wp\/v2\/types\/page"}],"author":[{"embeddable":true,"href":"https:\/\/dataforma.tech\/en\/wp-json\/wp\/v2\/users\/1"}],"replies":[{"embeddable":true,"href":"https:\/\/dataforma.tech\/en\/wp-json\/wp\/v2\/comments?post=1226"}],"version-history":[{"count":16,"href":"https:\/\/dataforma.tech\/en\/wp-json\/wp\/v2\/pages\/1226\/revisions"}],"predecessor-version":[{"id":1245,"href":"https:\/\/dataforma.tech\/en\/wp-json\/wp\/v2\/pages\/1226\/revisions\/1245"}],"wp:attachment":[{"href":"https:\/\/dataforma.tech\/en\/wp-json\/wp\/v2\/media?parent=1226"}],"curies":[{"name":"wp","href":"https:\/\/api.w.org\/{rel}","templated":true}]}}